{"id":37240,"date":"2025-06-04T10:18:11","date_gmt":"2025-06-04T08:18:11","guid":{"rendered":"https:\/\/gac.dev1.overscan.io\/discover-our-latest-news\/"},"modified":"2025-11-06T16:23:03","modified_gmt":"2025-11-06T15:23:03","slug":"discover-our-latest-news","status":"publish","type":"page","link":"https:\/\/gac.dev1.overscan.io\/en\/discover-our-latest-news\/","title":{"rendered":"Discover our news"},"content":{"rendered":"\n            <div class=\"articles-header\">\n            <div class=\"col-1\">\n                <h2 class=\"wp-block-heading\">Nos derniers articles<\/h2>\n                <p class=\"has-primary-color has-text-color has-link-color\">\n                    L\u2019essentiel de notre actualit\u00e9 : \u00e9v\u00e9nements, projets cl\u00e9s, \u00e9volutions produits, partenariats strat\u00e9giques et engagements concrets.                <\/p>\n            <\/div>\n            <div id=\"article-filters\" class=\"post-filters\">\n                <button data-category=\"all\" class=\"filter-btn active\">Tous les articles<\/button>\n                                    <button data-category=\"17\" class=\"filter-btn\">\n                        Events                    <\/button>\n                                    <button data-category=\"23\" class=\"filter-btn\">\n                        News                    <\/button>\n                                    <button data-category=\"25\" class=\"filter-btn\">\n                        Our partnerships                    <\/button>\n                                    <button data-category=\"24\" class=\"filter-btn\">\n                        Our solutions                    <\/button>\n                            <\/div>\n        <\/div>\n    \n    <div class=\"posts-wrapper\">\n        <div id=\"loader\"><\/div>\n        <div id=\"articles-container\" class=\"post-lists\" data-default-term=\"0\" data-exclude-term=\"10\">\n        <\/div>\n    <\/div>\n\n    <div id=\"pagination-container\" data-ppp=\"9\"><\/div>\n\n    \n","protected":false},"excerpt":{"rendered":"","protected":false},"author":1,"featured_media":1646,"parent":0,"menu_order":0,"comment_status":"closed","ping_status":"closed","template":"","meta":{"ovs_hero_subtitle":"","ovs_hero_text_content":"A space designed to share what drives our ecosystem forward, with simplicity, kindness... and a constant spirit of innovation.","ovs_hero_button_text":"","ovs_hero_button_url":"","ovs_hero_button_two_text":"","ovs_hero_button_two_url":"","ovs_hero_is_elispe":"","footnotes":""},"class_list":["post-37240","page","type-page","status-publish","has-post-thumbnail","hentry"],"yoast_head":"<!-- This site is optimized with the Yoast SEO plugin v27.1.1 - https:\/\/yoast.com\/product\/yoast-seo-wordpress\/ -->\n<title>Articles | Follow the life of GAC Software<\/title>\n<meta name=\"description\" content=\"Find the latest articles from GAC Software: projects, innovations, behind-the-scenes and software developments.\" \/>\n<meta name=\"robots\" content=\"index, follow, max-snippet:-1, max-image-preview:large, max-video-preview:-1\" \/>\n<link rel=\"canonical\" href=\"https:\/\/gac.dev1.overscan.io\/en\/discover-our-latest-news\/\" \/>\n<meta property=\"og:locale\" content=\"en_US\" \/>\n<meta property=\"og:type\" content=\"article\" \/>\n<meta property=\"og:title\" content=\"Articles | Follow the life of GAC Software\" \/>\n<meta property=\"og:description\" content=\"Find the latest articles from GAC Software: projects, innovations, behind-the-scenes and software developments.\" \/>\n<meta property=\"og:url\" content=\"https:\/\/gac.dev1.overscan.io\/en\/discover-our-latest-news\/\" \/>\n<meta property=\"og:site_name\" content=\"GAC\" \/>\n<meta property=\"article:modified_time\" content=\"2025-11-06T15:23:03+00:00\" \/>\n<meta property=\"og:image\" content=\"https:\/\/gac.dev1.overscan.io\/app\/uploads\/2025\/05\/qui-sommes-nous.jpg\" \/>\n\t<meta property=\"og:image:width\" content=\"1200\" \/>\n\t<meta property=\"og:image:height\" content=\"800\" \/>\n\t<meta property=\"og:image:type\" content=\"image\/jpeg\" \/>\n<meta name=\"twitter:card\" content=\"summary_large_image\" \/>\n<script type=\"application\/ld+json\" class=\"yoast-schema-graph\">{\"@context\":\"https:\/\/schema.org\",\"@graph\":[{\"@type\":\"WebPage\",\"@id\":\"https:\/\/gac.dev1.overscan.io\/en\/discover-our-latest-news\/\",\"url\":\"https:\/\/gac.dev1.overscan.io\/en\/discover-our-latest-news\/\",\"name\":\"Articles | Follow the life of GAC Software\",\"isPartOf\":{\"@id\":\"https:\/\/gac.dev1.overscan.io\/#website\"},\"primaryImageOfPage\":{\"@id\":\"https:\/\/gac.dev1.overscan.io\/en\/discover-our-latest-news\/#primaryimage\"},\"image\":{\"@id\":\"https:\/\/gac.dev1.overscan.io\/en\/discover-our-latest-news\/#primaryimage\"},\"thumbnailUrl\":\"https:\/\/gac.dev1.overscan.io\/app\/uploads\/2025\/05\/qui-sommes-nous.jpg\",\"datePublished\":\"2025-06-04T08:18:11+00:00\",\"dateModified\":\"2025-11-06T15:23:03+00:00\",\"description\":\"Find the latest articles from GAC Software: projects, innovations, behind-the-scenes and software developments.\",\"breadcrumb\":{\"@id\":\"https:\/\/gac.dev1.overscan.io\/en\/discover-our-latest-news\/#breadcrumb\"},\"inLanguage\":\"en-US\",\"potentialAction\":[{\"@type\":\"ReadAction\",\"target\":[\"https:\/\/gac.dev1.overscan.io\/en\/discover-our-latest-news\/\"]}]},{\"@type\":\"ImageObject\",\"inLanguage\":\"en-US\",\"@id\":\"https:\/\/gac.dev1.overscan.io\/en\/discover-our-latest-news\/#primaryimage\",\"url\":\"https:\/\/gac.dev1.overscan.io\/app\/uploads\/2025\/05\/qui-sommes-nous.jpg\",\"contentUrl\":\"https:\/\/gac.dev1.overscan.io\/app\/uploads\/2025\/05\/qui-sommes-nous.jpg\",\"width\":1200,\"height\":800},{\"@type\":\"BreadcrumbList\",\"@id\":\"https:\/\/gac.dev1.overscan.io\/en\/discover-our-latest-news\/#breadcrumb\",\"itemListElement\":[{\"@type\":\"ListItem\",\"position\":1,\"name\":\"Accueil\",\"item\":\"https:\/\/gac.dev1.overscan.io\/en\/\"},{\"@type\":\"ListItem\",\"position\":2,\"name\":\"Discover our news\"}]},{\"@type\":\"WebSite\",\"@id\":\"https:\/\/gac.dev1.overscan.io\/#website\",\"url\":\"https:\/\/gac.dev1.overscan.io\/\",\"name\":\"GAC Software\",\"description\":\"GAC Software, expert in SaaS management software\",\"publisher\":{\"@id\":\"https:\/\/gac.dev1.overscan.io\/#organization\"},\"potentialAction\":[{\"@type\":\"SearchAction\",\"target\":{\"@type\":\"EntryPoint\",\"urlTemplate\":\"https:\/\/gac.dev1.overscan.io\/?s={search_term_string}\"},\"query-input\":{\"@type\":\"PropertyValueSpecification\",\"valueRequired\":true,\"valueName\":\"search_term_string\"}}],\"inLanguage\":\"en-US\"},{\"@type\":\"Organization\",\"@id\":\"https:\/\/gac.dev1.overscan.io\/#organization\",\"name\":\"GAC\",\"url\":\"https:\/\/gac.dev1.overscan.io\/\",\"logo\":{\"@type\":\"ImageObject\",\"inLanguage\":\"en-US\",\"@id\":\"https:\/\/gac.dev1.overscan.io\/#\/schema\/logo\/image\/\",\"url\":\"https:\/\/gac.dev1.overscan.io\/app\/uploads\/2025\/05\/Logo-vertical.svg\",\"contentUrl\":\"https:\/\/gac.dev1.overscan.io\/app\/uploads\/2025\/05\/Logo-vertical.svg\",\"caption\":\"GAC\"},\"image\":{\"@id\":\"https:\/\/gac.dev1.overscan.io\/#\/schema\/logo\/image\/\"},\"sameAs\":[\"https:\/\/www.linkedin.com\/company\/gac-technology\/\",\"https:\/\/www.youtube.com\/@gac-technology\",\"https:\/\/www.instagram.com\/gactechnology\/\"]}]}<\/script>\n<!-- \/ Yoast SEO plugin. -->","yoast_head_json":{"title":"Articles | Follow the life of GAC Software","description":"Find the latest articles from GAC Software: projects, innovations, behind-the-scenes and software developments.","robots":{"index":"index","follow":"follow","max-snippet":"max-snippet:-1","max-image-preview":"max-image-preview:large","max-video-preview":"max-video-preview:-1"},"canonical":"https:\/\/gac.dev1.overscan.io\/en\/discover-our-latest-news\/","og_locale":"en_US","og_type":"article","og_title":"Articles | Follow the life of GAC Software","og_description":"Find the latest articles from GAC Software: projects, innovations, behind-the-scenes and software developments.","og_url":"https:\/\/gac.dev1.overscan.io\/en\/discover-our-latest-news\/","og_site_name":"GAC","article_modified_time":"2025-11-06T15:23:03+00:00","og_image":[{"width":1200,"height":800,"url":"https:\/\/gac.dev1.overscan.io\/app\/uploads\/2025\/05\/qui-sommes-nous.jpg","type":"image\/jpeg"}],"twitter_card":"summary_large_image","schema":{"@context":"https:\/\/schema.org","@graph":[{"@type":"WebPage","@id":"https:\/\/gac.dev1.overscan.io\/en\/discover-our-latest-news\/","url":"https:\/\/gac.dev1.overscan.io\/en\/discover-our-latest-news\/","name":"Articles | Follow the life of GAC Software","isPartOf":{"@id":"https:\/\/gac.dev1.overscan.io\/#website"},"primaryImageOfPage":{"@id":"https:\/\/gac.dev1.overscan.io\/en\/discover-our-latest-news\/#primaryimage"},"image":{"@id":"https:\/\/gac.dev1.overscan.io\/en\/discover-our-latest-news\/#primaryimage"},"thumbnailUrl":"https:\/\/gac.dev1.overscan.io\/app\/uploads\/2025\/05\/qui-sommes-nous.jpg","datePublished":"2025-06-04T08:18:11+00:00","dateModified":"2025-11-06T15:23:03+00:00","description":"Find the latest articles from GAC Software: projects, innovations, behind-the-scenes and software developments.","breadcrumb":{"@id":"https:\/\/gac.dev1.overscan.io\/en\/discover-our-latest-news\/#breadcrumb"},"inLanguage":"en-US","potentialAction":[{"@type":"ReadAction","target":["https:\/\/gac.dev1.overscan.io\/en\/discover-our-latest-news\/"]}]},{"@type":"ImageObject","inLanguage":"en-US","@id":"https:\/\/gac.dev1.overscan.io\/en\/discover-our-latest-news\/#primaryimage","url":"https:\/\/gac.dev1.overscan.io\/app\/uploads\/2025\/05\/qui-sommes-nous.jpg","contentUrl":"https:\/\/gac.dev1.overscan.io\/app\/uploads\/2025\/05\/qui-sommes-nous.jpg","width":1200,"height":800},{"@type":"BreadcrumbList","@id":"https:\/\/gac.dev1.overscan.io\/en\/discover-our-latest-news\/#breadcrumb","itemListElement":[{"@type":"ListItem","position":1,"name":"Accueil","item":"https:\/\/gac.dev1.overscan.io\/en\/"},{"@type":"ListItem","position":2,"name":"Discover our news"}]},{"@type":"WebSite","@id":"https:\/\/gac.dev1.overscan.io\/#website","url":"https:\/\/gac.dev1.overscan.io\/","name":"GAC Software","description":"GAC Software, expert in SaaS management software","publisher":{"@id":"https:\/\/gac.dev1.overscan.io\/#organization"},"potentialAction":[{"@type":"SearchAction","target":{"@type":"EntryPoint","urlTemplate":"https:\/\/gac.dev1.overscan.io\/?s={search_term_string}"},"query-input":{"@type":"PropertyValueSpecification","valueRequired":true,"valueName":"search_term_string"}}],"inLanguage":"en-US"},{"@type":"Organization","@id":"https:\/\/gac.dev1.overscan.io\/#organization","name":"GAC","url":"https:\/\/gac.dev1.overscan.io\/","logo":{"@type":"ImageObject","inLanguage":"en-US","@id":"https:\/\/gac.dev1.overscan.io\/#\/schema\/logo\/image\/","url":"https:\/\/gac.dev1.overscan.io\/app\/uploads\/2025\/05\/Logo-vertical.svg","contentUrl":"https:\/\/gac.dev1.overscan.io\/app\/uploads\/2025\/05\/Logo-vertical.svg","caption":"GAC"},"image":{"@id":"https:\/\/gac.dev1.overscan.io\/#\/schema\/logo\/image\/"},"sameAs":["https:\/\/www.linkedin.com\/company\/gac-technology\/","https:\/\/www.youtube.com\/@gac-technology","https:\/\/www.instagram.com\/gactechnology\/"]}]}},"jetpack_sharing_enabled":true,"_links":{"self":[{"href":"https:\/\/gac.dev1.overscan.io\/en\/wp-json\/wp\/v2\/pages\/37240","targetHints":{"allow":["GET"]}}],"collection":[{"href":"https:\/\/gac.dev1.overscan.io\/en\/wp-json\/wp\/v2\/pages"}],"about":[{"href":"https:\/\/gac.dev1.overscan.io\/en\/wp-json\/wp\/v2\/types\/page"}],"author":[{"embeddable":true,"href":"https:\/\/gac.dev1.overscan.io\/en\/wp-json\/wp\/v2\/users\/1"}],"replies":[{"embeddable":true,"href":"https:\/\/gac.dev1.overscan.io\/en\/wp-json\/wp\/v2\/comments?post=37240"}],"version-history":[{"count":3,"href":"https:\/\/gac.dev1.overscan.io\/en\/wp-json\/wp\/v2\/pages\/37240\/revisions"}],"predecessor-version":[{"id":42995,"href":"https:\/\/gac.dev1.overscan.io\/en\/wp-json\/wp\/v2\/pages\/37240\/revisions\/42995"}],"wp:featuredmedia":[{"embeddable":true,"href":"https:\/\/gac.dev1.overscan.io\/en\/wp-json\/wp\/v2\/media\/1646"}],"wp:attachment":[{"href":"https:\/\/gac.dev1.overscan.io\/en\/wp-json\/wp\/v2\/media?parent=37240"}],"curies":[{"name":"wp","href":"https:\/\/api.w.org\/{rel}","templated":true}]}}